{"id":2,"date":"2025-03-16T20:19:58","date_gmt":"2025-03-16T19:19:58","guid":{"rendered":"https:\/\/kriegerth.de\/?page_id=2"},"modified":"2025-03-18T18:35:59","modified_gmt":"2025-03-18T17:35:59","slug":"beispiel-seite","status":"publish","type":"page","link":"https:\/\/kriegerth.de\/","title":{"rendered":"Home"},"content":{"rendered":"\t\t<div data-elementor-type=\"wp-page\" data-elementor-id=\"2\" class=\"elementor elementor-2\">\n\t\t\t\t<div class=\"elementor-element elementor-element-63f035f5 e-flex e-con-boxed e-con e-parent\" data-id=\"63f035f5\" data-element_type=\"container\" data-e-type=\"container\">\n\t\t\t\t\t<div class=\"e-con-inner\">\n\t\t\t\t<div class=\"elementor-element elementor-element-2b937444 elementor-drop-cap-yes elementor-drop-cap-view-default elementor-widget elementor-widget-text-editor\" data-id=\"2b937444\" data-element_type=\"widget\" data-e-type=\"widget\" data-settings=\"{&quot;drop_cap&quot;:&quot;yes&quot;}\" data-widget_type=\"text-editor.default\">\n\t\t\t\t<div class=\"elementor-widget-container\">\n\t\t\t\t\t\t\t\t\t<div class=\"xr_txt xr_s2\">\n<h1 class=\"xr_tl Heading_1 xr_s3\"><strong><span style=\"color: #ffff99;\">Herzlich willkommen<\/span><span style=\"color: #ffff99;\">auf meiner Website<\/span><\/strong><\/h1>\n<\/div>\n<h2>\u00a0<\/h2>\n<h2 class=\"xr_txt Normal_text xr_s5\"><span class=\"xr_tl Normal_text xr_s5\" style=\"color: #ffff99;\">Mein Name ist Theodor Krieger, ich wurde im Juni 1962 in F\u00fcrth\/Bayern geboren.<\/span><\/h2>\n<div><span class=\"xr_tl Normal_text xr_s5\" style=\"color: #ffff99;\">\u00a0<\/span><\/div>\n<h2><span class=\"xr_tl Normal_text xr_s5\" style=\"color: #ffff99;\">Nach der Schule machte ich eine Ausbildung zum Verpackungsmittelmechaniker. 1982 begann ich eine Umschulung zum Offsetdrucker. Diesen Beruf \u00fcbte ich \u00fcber 30 Jahre aus, bis mich ein Bandscheibenvorfall zwang, auch diesen Beruf an den Nagel zu H\u00e4ngen. Also dann im Alter von 49 Jahren eine erneute Umschulung zum Elektroniker f\u00fcr Energie- und Geb\u00e4udetechnik. Diese schloss ich dann Ende Februar 2014 erfolgreich ab.<\/span><\/h2>\n<div><span class=\"xr_tl Normal_text xr_s5\" style=\"color: #ffff99;\">\u00a0<\/span><\/div>\n<p>\u00a0<\/p>\n<h2 class=\"xr_txt Normal_text xr_s5\"><span style=\"color: #ffff99;\"><span class=\"xr_tl Normal_text xr_s5\">Meine Hobbys sind die Hunde Beppo und Meilo, ein weiteres Hobby von mir ist Web-Radio auf\u00a0<\/span><\/span><span style=\"color: #999999;\"><a style=\"color: #999999;\" href=\"https:\/\/Radio-Soundstadl.de\/\" target=\"_blank\" rel=\"noopener\">Radio-Soundstadl.de<\/a><\/span><span style=\"color: #ffff99;\"><span class=\"xr_tl Normal_text xr_s5\">\u00a0zu machen. Meine <\/span><span class=\"xr_tl Normal_text xr_s5\">musikalischen Vorlieben sind Fox und Schlager.<\/span><\/span><\/h2>\n<p><span style=\"color: #ffff99;\"><strong><!-- \/wp:quote --><!-- wp:paragraph --><\/strong><\/span><\/p>\n<p>\u00a0<\/p>\n<p><!-- \/wp:paragraph --><\/p>\t\t\t\t\t\t\t\t<\/div>\n\t\t\t\t<\/div>\n\t\t\t\t\t<\/div>\n\t\t\t\t<\/div>\n\t\t\t\t<\/div>\n\t\t","protected":false},"excerpt":{"rendered":"<p>Herzlich willkommenauf meiner Website \u00a0 Mein Name ist Theodor Krieger, ich wurde im Juni 1962 in F\u00fcrth\/Bayern geboren. \u00a0 Nach der Schule machte ich eine Ausbildung zum Verpackungsmittelmechaniker. 1982 begann ich eine Umschulung zum Offsetdrucker. Diesen Beruf \u00fcbte ich \u00fcber 30 Jahre aus, bis mich ein Bandscheibenvorfall zwang, auch diesen Beruf an den Nagel zu &hellip; <\/p>\n<p class=\"link-more\"><a href=\"https:\/\/kriegerth.de\/\" class=\"more-link\">Continue reading<span class=\"screen-reader-text\"> &#8220;Home&#8221;<\/span><\/a><\/p>\n","protected":false},"author":1,"featured_media":404,"parent":0,"menu_order":0,"comment_status":"closed","ping_status":"open","template":"","meta":{"footnotes":""},"class_list":["post-2","page","type-page","status-publish","has-post-thumbnail","hentry"],"_links":{"self":[{"href":"https:\/\/kriegerth.de\/index.php?rest_route=\/wp\/v2\/pages\/2","targetHints":{"allow":["GET"]}}],"collection":[{"href":"https:\/\/kriegerth.de\/index.php?rest_route=\/wp\/v2\/pages"}],"about":[{"href":"https:\/\/kriegerth.de\/index.php?rest_route=\/wp\/v2\/types\/page"}],"author":[{"embeddable":true,"href":"https:\/\/kriegerth.de\/index.php?rest_route=\/wp\/v2\/users\/1"}],"replies":[{"embeddable":true,"href":"https:\/\/kriegerth.de\/index.php?rest_route=%2Fwp%2Fv2%2Fcomments&post=2"}],"version-history":[{"count":52,"href":"https:\/\/kriegerth.de\/index.php?rest_route=\/wp\/v2\/pages\/2\/revisions"}],"predecessor-version":[{"id":632,"href":"https:\/\/kriegerth.de\/index.php?rest_route=\/wp\/v2\/pages\/2\/revisions\/632"}],"wp:featuredmedia":[{"embeddable":true,"href":"https:\/\/kriegerth.de\/index.php?rest_route=\/wp\/v2\/media\/404"}],"wp:attachment":[{"href":"https:\/\/kriegerth.de\/index.php?rest_route=%2Fwp%2Fv2%2Fmedia&parent=2"}],"curies":[{"name":"wp","href":"https:\/\/api.w.org\/{rel}","templated":true}]}}